{"id":1219,"date":"2017-08-05T14:04:11","date_gmt":"2017-08-05T14:04:11","guid":{"rendered":"https:\/\/wega0106.vot.pl\/?page_id=1219"},"modified":"2025-07-05T22:41:44","modified_gmt":"2025-07-05T20:41:44","slug":"404-layout","status":"publish","type":"page","link":"https:\/\/wegaimport.pl\/en\/404-layout\/","title":{"rendered":"404 strona nie znaleziona"},"content":{"rendered":"<div class=\"wpb-content-wrapper\"><section class=\"vc_section vc_custom_1502109771712 vc_section-has-fill\"><div data-vc-full-width=\"true\" data-vc-full-width-temp=\"true\" data-vc-full-width-init=\"false\" data-vc-stretch-content=\"true\" class=\"vc_row wpb_row vc_row-fluid vc_custom_1502108370252 vc_row-has-fill vc_row-no-padding\"><div class=\"wpb_column vc_column_container vc_col-sm-12\"><div class=\"vc_column-inner\"><div class=\"wpb_wrapper\"><div class=\"heading  heading-xl header-inline align-center color-main subcolor-second icon-type-hidden   vc_custom_1530703482843 heading-tag-h1\"><h1 class=\"header ltx-sr-id-107709193 ltx-sr ltx-sr-effect-fade_in ltx-sr-el-block ltx-sr-delay-0 ltx-sr-duration-1000 ltx-sr-sequences-0\">404<\/h1><\/div><div class=\"heading  heading-large header-inline align-center color-black subcolor-second icon-type-hidden   vc_custom_1750542071357 heading-tag-h4\"><h4 class=\"header ltx-sr-id-130343729 ltx-sr ltx-sr-effect-fade_in ltx-sr-el-block ltx-sr-delay-0 ltx-sr-duration-1000 ltx-sr-sequences-0\">Page not found<\/h4><\/div>\n\t<div class=\"wpb_text_column wpb_content_element\" >\n\t\t<div class=\"wpb_wrapper\">\n\t\t\t<p style=\"text-align: center;\">The page you are looking for has been moved, deleted or does not exist.<\/p>\n\n\t\t<\/div>\n\t<\/div>\n<div class=\"vc_empty_space\"   style=\"height: 16px\"><span class=\"vc_empty_space_inner\"><\/span><\/div><div class=\"btn-wrap align-center\"><a href=\"\/en\/\" class=\"btn  btn-xs btn-default color-hover-default align-center\">Home page<\/a><\/div><div class=\"es-resp\">\t<div class=\"hidden-xl hidden-md hidden-sm hidden-ms hidden-xs\" style=\"height: 90px;\"><\/div>\t<div class=\"visible-md\" style=\"height: 90px;\"><\/div>\t<div class=\"visible-sm\" style=\"height: 90px;\"><\/div>\t<div class=\"visible-ms\" style=\"height: 90px;\"><\/div>\t<div class=\"visible-xs\" style=\"height: 90px;\"><\/div><\/div><\/div><\/div><\/div><\/div><div class=\"vc_row-full-width vc_clearfix\"><\/div><\/section>\n<\/div>","protected":false},"excerpt":{"rendered":"404Strony nie znaleziono Strona, kt\u00f3rej szukasz zosta\u0142a przeniesiona, usuni\u0119ta lub nie istnia\u0142a. Strona domowa","protected":false},"author":1,"featured_media":0,"parent":0,"menu_order":0,"comment_status":"closed","ping_status":"closed","template":"page-templates\/404.php","meta":{"footnotes":""},"class_list":["post-1219","page","type-page","status-publish","hentry"],"_links":{"self":[{"href":"https:\/\/wegaimport.pl\/en\/wp-json\/wp\/v2\/pages\/1219","targetHints":{"allow":["GET"]}}],"collection":[{"href":"https:\/\/wegaimport.pl\/en\/wp-json\/wp\/v2\/pages"}],"about":[{"href":"https:\/\/wegaimport.pl\/en\/wp-json\/wp\/v2\/types\/page"}],"author":[{"embeddable":true,"href":"https:\/\/wegaimport.pl\/en\/wp-json\/wp\/v2\/users\/1"}],"replies":[{"embeddable":true,"href":"https:\/\/wegaimport.pl\/en\/wp-json\/wp\/v2\/comments?post=1219"}],"version-history":[{"count":0,"href":"https:\/\/wegaimport.pl\/en\/wp-json\/wp\/v2\/pages\/1219\/revisions"}],"wp:attachment":[{"href":"https:\/\/wegaimport.pl\/en\/wp-json\/wp\/v2\/media?parent=1219"}],"curies":[{"name":"wp","href":"https:\/\/api.w.org\/{rel}","templated":true}]}}